{"id":6086,"date":"2020-12-18T19:42:31","date_gmt":"2020-12-18T19:42:31","guid":{"rendered":"http:\/\/balsu.com.tr\/v2\/?page_id=6086"},"modified":"2024-02-02T22:24:32","modified_gmt":"2024-02-02T19:24:32","slug":"supply-chain-production","status":"publish","type":"page","link":"https:\/\/test.balsugida.com\/en\/supply-chain-production\/","title":{"rendered":"Supply Chain"},"content":{"rendered":"[vc_row type=&#8221;full_width_background&#8221; full_screen_row_position=&#8221;top&#8221; column_margin=&#8221;none&#8221; equal_height=&#8221;yes&#8221; content_placement=&#8221;top&#8221; column_direction=&#8221;default&#8221; column_direction_tablet=&#8221;default&#8221; column_direction_phone=&#8221;default&#8221; scene_position=&#8221;center&#8221; text_color=&#8221;dark&#8221; text_align=&#8221;left&#8221; row_border_radius=&#8221;none&#8221; row_border_radius_applies=&#8221;bg&#8221; id=&#8221;start&#8221; overlay_strength=&#8221;0.3&#8243; gradient_direction=&#8221;left_to_right&#8221; shape_divider_position=&#8221;bottom&#8221; bg_image_animation=&#8221;none&#8221; shape_type=&#8221;&#8221;][vc_column column_padding=&#8221;padding-7-percent&#8221; column_padding_tablet=&#8221;inherit&#8221; column_padding_phone=&#8221;inherit&#8221; column_padding_position=&#8221;top&#8221; background_color_opacity=&#8221;1&#8243; background_hover_color_opacity=&#8221;1&#8243; background_image=&#8221;6048&#8243; background_image_position=&#8221;center top&#8221; column_shadow=&#8221;none&#8221; column_border_radius=&#8221;none&#8221; column_link_target=&#8221;_self&#8221; gradient_direction=&#8221;left_to_right&#8221; overlay_strength=&#8221;0.3&#8243; width=&#8221;1\/5&#8243; tablet_width_inherit=&#8221;default&#8221; tablet_text_alignment=&#8221;default&#8221; phone_text_alignment=&#8221;default&#8221; column_border_width=&#8221;none&#8221; column_border_style=&#8221;solid&#8221; bg_image_animation=&#8221;none&#8221; offset=&#8221;vc_hidden-sm vc_hidden-xs&#8221;][vc_column_text css=&#8221;.vc_custom_1651833203430{margin-top: 53px !important;margin-left: 38px !important;}&#8221;]\n<h4 style=\"color: #ffffff; line-height: 22px; text-align: left;\">TRADITION<\/h4>\n<p style=\"line-height: 22px; text-align: left;\"><a style=\"color: #ffffff; font-size: 16px;\" href=\"\/en\/founders-letter\">Founder\u2019s Letter<\/a><br \/>\n<span style=\"color: #ffffff; line-height: 22px;\"><a style=\"color: #ffffff; font-size: 16px;\" href=\"\/en\/corporate-social-responsibility\">Social Responsibility &#038; Sustainability<\/a><\/span><\/p>\n<h4 style=\"color: #ffffff; line-height: 22px; text-align: left;\">TECHNOLOGY<\/h4>\n<p style=\"line-height: 22px; text-align: left;\"><span style=\"color: #ffffff; line-height: 22px;\"><a style=\"color: #ffffff; font-size: 16px; font-weight: bold;\" href=\"\/en\/supply-chain-production\">&#8212; Supply Chain Management<\/a> <\/span><br \/>\n<span style=\"color: #ffffff; line-height: 22px;\"><a style=\"color: #ffffff; font-size: 16px;\" href=\"\/en\/production\">Production<\/a><\/span><br \/>\n<span style=\"color: #ffffff; line-height: 22px;\"><a style=\"color: #ffffff; font-size: 16px;\" href=\"\/en\/quality\">Quality Management<\/a><\/span><\/p>\n<h4 style=\"color: #ffffff; line-height: 22px; text-align: left;\">SERVICE<\/h4>\n<p style=\"line-height: 22px; text-align: left;\"><span style=\"color: #ffffff; line-height: 22px;\"><a style=\"color: #ffffff; font-size: 16px;\" href=\"\/en\/team\">Management<\/a><\/span><br \/>\n<span style=\"color: #ffffff; line-height: 22px;\"><a style=\"color: #ffffff; font-size: 16px;\" href=\"\/en\/group\">BALSU Group of Companies<\/a><\/span><\/p>\n[\/vc_column_text][\/vc_column][vc_column column_padding=&#8221;padding-3-percent&#8221; column_padding_tablet=&#8221;inherit&#8221; column_padding_phone=&#8221;inherit&#8221; column_padding_position=&#8221;left-right&#8221; top_margin=&#8221;97&#8243; bottom_margin=&#8221;0&#8243; left_margin=&#8221;0&#8243; right_margin=&#8221;0&#8243; background_color_opacity=&#8221;1&#8243; background_hover_color_opacity=&#8221;1&#8243; column_shadow=&#8221;none&#8221; column_border_radius=&#8221;none&#8221; column_link_target=&#8221;_self&#8221; gradient_direction=&#8221;left_to_right&#8221; overlay_strength=&#8221;0.3&#8243; width=&#8221;4\/5&#8243; tablet_width_inherit=&#8221;default&#8221; tablet_text_alignment=&#8221;default&#8221; phone_text_alignment=&#8221;default&#8221; column_border_width=&#8221;none&#8221; column_border_style=&#8221;solid&#8221; bg_image_animation=&#8221;none&#8221;][vc_row_inner column_margin=&#8221;default&#8221; column_direction=&#8221;default&#8221; column_direction_tablet=&#8221;default&#8221; column_direction_phone=&#8221;default&#8221; text_align=&#8221;left&#8221;][vc_column_inner column_padding=&#8221;no-extra-padding&#8221; column_padding_tablet=&#8221;inherit&#8221; column_padding_phone=&#8221;inherit&#8221; column_padding_position=&#8221;all&#8221; top_margin=&#8221;33&#8243; bottom_margin=&#8221;-23&#8243; background_color_opacity=&#8221;1&#8243; background_hover_color_opacity=&#8221;1&#8243; column_shadow=&#8221;none&#8221; column_border_radius=&#8221;none&#8221; column_link_target=&#8221;_self&#8221; gradient_direction=&#8221;left_to_right&#8221; overlay_strength=&#8221;0.3&#8243; width=&#8221;1\/1&#8243; tablet_width_inherit=&#8221;default&#8221; column_border_width=&#8221;none&#8221; column_border_style=&#8221;solid&#8221; bg_image_animation=&#8221;none&#8221;][vc_column_text css=&#8221;.vc_custom_1678951938482{margin-right: 16px !important;margin-bottom: 13px !important;}&#8221;]\n<h3>One of the Leading Hazelnut Processors in The World Today<\/h3>\n<p>Aiming to create the best value for hazelnuts, BALSU has been filling the big gap between the global confectionary industry and hazelnut farms by serving its clients through a unique supply chain. BALSU manages the procurement operations of the hazelnuts from all over the Black Sea region starting from East Istanbul all the way to Artvin.<\/p>\n<p>BALSU employs highly qualified hazelnut experts in the industry for providing superior service and the classification of incoming hazelnuts according to varieties. Having two different logistic centers in Hendek and Ordu, BALSU has the capacity to reach hazelnuts from all regions with its over 200 distinguished and well diversified suppliers and thousands of farmers.<\/p>\n<p>BALSU agricultural engineers serve the farmers for sustainable, yield efficient production by adopting all modern farming techniques. We work on mapping our supply chain in order to enhance traceability to serve clients all the way back to the farms on sourcing.<\/p>\n<p>Within the context of reaching the hazelnuts in its source, providing sustainability and traceability direct from producers, Balsu\u2019s stores are located Bart\u0131n, Kand\u0131ra, Ak\u00e7akoca, \u00c7ar\u015famba, \u0130kizce and G\u00fczelyurt started offering services as of 2022.[\/vc_column_text][\/vc_column_inner][\/vc_row_inner][vc_row_inner column_margin=&#8221;default&#8221; column_direction=&#8221;default&#8221; column_direction_tablet=&#8221;default&#8221; column_direction_phone=&#8221;default&#8221; text_align=&#8221;left&#8221;][vc_column_inner column_padding=&#8221;no-extra-padding&#8221; column_padding_tablet=&#8221;inherit&#8221; column_padding_phone=&#8221;inherit&#8221; column_padding_position=&#8221;all&#8221; background_color_opacity=&#8221;1&#8243; background_hover_color_opacity=&#8221;1&#8243; column_shadow=&#8221;none&#8221; column_border_radius=&#8221;none&#8221; column_link_target=&#8221;_self&#8221; gradient_direction=&#8221;left_to_right&#8221; overlay_strength=&#8221;0.3&#8243; width=&#8221;1\/4&#8243; tablet_width_inherit=&#8221;default&#8221; column_border_width=&#8221;none&#8221; column_border_style=&#8221;solid&#8221; bg_image_animation=&#8221;none&#8221;][image_with_animation image_url=&#8221;7127&#8243; animation=&#8221;Fade In&#8221; hover_animation=&#8221;zoom&#8221; alignment=&#8221;&#8221; border_radius=&#8221;none&#8221; box_shadow=&#8221;none&#8221; image_loading=&#8221;default&#8221; max_width=&#8221;100%&#8221; max_width_mobile=&#8221;default&#8221;][\/vc_column_inner][vc_column_inner column_padding=&#8221;no-extra-padding&#8221; column_padding_tablet=&#8221;inherit&#8221; column_padding_phone=&#8221;inherit&#8221; column_padding_position=&#8221;all&#8221; background_color_opacity=&#8221;1&#8243; background_hover_color_opacity=&#8221;1&#8243; column_shadow=&#8221;none&#8221; column_border_radius=&#8221;none&#8221; column_link_target=&#8221;_self&#8221; gradient_direction=&#8221;left_to_right&#8221; overlay_strength=&#8221;0.3&#8243; width=&#8221;1\/4&#8243; tablet_width_inherit=&#8221;default&#8221; column_border_width=&#8221;none&#8221; column_border_style=&#8221;solid&#8221; bg_image_animation=&#8221;none&#8221;][image_with_animation image_url=&#8221;7128&#8243; animation=&#8221;Fade In&#8221; hover_animation=&#8221;zoom&#8221; alignment=&#8221;center&#8221; img_link_target=&#8221;_blank&#8221; border_radius=&#8221;none&#8221; box_shadow=&#8221;none&#8221; image_loading=&#8221;default&#8221; max_width=&#8221;100%&#8221; max_width_mobile=&#8221;default&#8221;][\/vc_column_inner][vc_column_inner column_padding=&#8221;no-extra-padding&#8221; column_padding_tablet=&#8221;inherit&#8221; column_padding_phone=&#8221;inherit&#8221; column_padding_position=&#8221;all&#8221; background_color_opacity=&#8221;1&#8243; background_hover_color_opacity=&#8221;1&#8243; column_shadow=&#8221;none&#8221; column_border_radius=&#8221;none&#8221; column_link_target=&#8221;_self&#8221; gradient_direction=&#8221;left_to_right&#8221; overlay_strength=&#8221;0.3&#8243; width=&#8221;1\/4&#8243; tablet_width_inherit=&#8221;default&#8221; column_border_width=&#8221;none&#8221; column_border_style=&#8221;solid&#8221; bg_image_animation=&#8221;none&#8221;][image_with_animation image_url=&#8221;7129&#8243; animation=&#8221;Fade In&#8221; hover_animation=&#8221;zoom&#8221; alignment=&#8221;center&#8221; img_link_target=&#8221;_blank&#8221; border_radius=&#8221;none&#8221; box_shadow=&#8221;none&#8221; image_loading=&#8221;default&#8221; max_width=&#8221;100%&#8221; max_width_mobile=&#8221;default&#8221;][\/vc_column_inner][vc_column_inner column_padding=&#8221;no-extra-padding&#8221; column_padding_tablet=&#8221;inherit&#8221; column_padding_phone=&#8221;inherit&#8221; column_padding_position=&#8221;all&#8221; background_color_opacity=&#8221;1&#8243; background_hover_color_opacity=&#8221;1&#8243; column_shadow=&#8221;none&#8221; column_border_radius=&#8221;none&#8221; column_link_target=&#8221;_self&#8221; gradient_direction=&#8221;left_to_right&#8221; overlay_strength=&#8221;0.3&#8243; width=&#8221;1\/4&#8243; tablet_width_inherit=&#8221;default&#8221; column_border_width=&#8221;none&#8221; column_border_style=&#8221;solid&#8221; bg_image_animation=&#8221;none&#8221;][image_with_animation image_url=&#8221;7435&#8243; animation=&#8221;Fade In&#8221; hover_animation=&#8221;zoom&#8221; alignment=&#8221;&#8221; border_radius=&#8221;none&#8221; box_shadow=&#8221;none&#8221; image_loading=&#8221;default&#8221; max_width=&#8221;100%&#8221; max_width_mobile=&#8221;default&#8221;][\/vc_column_inner][\/vc_row_inner][vc_row_inner equal_height=&#8221;yes&#8221; content_placement=&#8221;top&#8221; column_margin=&#8221;default&#8221; column_direction=&#8221;default&#8221; column_direction_tablet=&#8221;default&#8221; column_direction_phone=&#8221;default&#8221; text_align=&#8221;left&#8221;][vc_column_inner column_padding=&#8221;no-extra-padding&#8221; column_padding_tablet=&#8221;inherit&#8221; column_padding_phone=&#8221;inherit&#8221; column_padding_position=&#8221;top&#8221; background_color_opacity=&#8221;1&#8243; background_hover_color_opacity=&#8221;1&#8243; column_shadow=&#8221;none&#8221; column_border_radius=&#8221;none&#8221; column_link_target=&#8221;_self&#8221; gradient_direction=&#8221;left_to_right&#8221; overlay_strength=&#8221;0.3&#8243; width=&#8221;1\/2&#8243; tablet_width_inherit=&#8221;default&#8221; column_border_width=&#8221;none&#8221; column_border_style=&#8221;solid&#8221; bg_image_animation=&#8221;none&#8221;][vc_column_text]<span style=\"font-size: 10px;\">Copyright \u00a9 BALSU 2022. All rights reserved.<\/span>[\/vc_column_text][\/vc_column_inner][vc_column_inner column_padding=&#8221;no-extra-padding&#8221; column_padding_tablet=&#8221;inherit&#8221; column_padding_phone=&#8221;inherit&#8221; column_padding_position=&#8221;all&#8221; background_color_opacity=&#8221;1&#8243; background_hover_color_opacity=&#8221;1&#8243; column_shadow=&#8221;none&#8221; column_border_radius=&#8221;none&#8221; column_link_target=&#8221;_self&#8221; gradient_direction=&#8221;left_to_right&#8221; overlay_strength=&#8221;0.3&#8243; width=&#8221;1\/2&#8243; tablet_width_inherit=&#8221;default&#8221; column_border_width=&#8221;none&#8221; column_border_style=&#8221;solid&#8221; bg_image_animation=&#8221;none&#8221;][vc_column_text]<a href=\"https:\/\/www.balsugida.com\/en\/kisisel-verilerin-korunmasi\" target=\"_blank\" rel=\"noopener noreferrer\"><span style=\"font-size: 10px;\">Protection of Personal Data <\/span><\/a>[\/vc_column_text][\/vc_column_inner][\/vc_row_inner][\/vc_column][\/vc_row]\n","protected":false},"excerpt":{"rendered":"<p>[vc_row type=&#8221;full_width_background&#8221; full_screen_row_position=&#8221;top&#8221; column_margin=&#8221;none&#8221; equal_height=&#8221;yes&#8221; content_placement=&#8221;top&#8221; column_direction=&#8221;default&#8221; column_direction_tablet=&#8221;default&#8221; column_direction_phone=&#8221;default&#8221; scene_position=&#8221;center&#8221; text_color=&#8221;dark&#8221; text_align=&#8221;left&#8221; row_border_radius=&#8221;none&#8221; row_border_radius_applies=&#8221;bg&#8221; id=&#8221;start&#8221; overlay_strength=&#8221;0.3&#8243; gradient_direction=&#8221;left_to_right&#8221; shape_divider_position=&#8221;bottom&#8221; bg_image_animation=&#8221;none&#8221; shape_type=&#8221;&#8221;][vc_column column_padding=&#8221;padding-7-percent&#8221; column_padding_tablet=&#8221;inherit&#8221; column_padding_phone=&#8221;inherit&#8221; column_padding_position=&#8221;top&#8221; background_color_opacity=&#8221;1&#8243; background_hover_color_opacity=&#8221;1&#8243; background_image=&#8221;6048&#8243; background_image_position=&#8221;center top&#8221; column_shadow=&#8221;none&#8221;&#8230;<\/p>\n","protected":false},"author":1,"featured_media":0,"parent":0,"menu_order":0,"comment_status":"closed","ping_status":"open","template":"","meta":[],"_links":{"self":[{"href":"https:\/\/test.balsugida.com\/en\/wp-json\/wp\/v2\/pages\/6086"}],"collection":[{"href":"https:\/\/test.balsugida.com\/en\/wp-json\/wp\/v2\/pages"}],"about":[{"href":"https:\/\/test.balsugida.com\/en\/wp-json\/wp\/v2\/types\/page"}],"author":[{"embeddable":true,"href":"https:\/\/test.balsugida.com\/en\/wp-json\/wp\/v2\/users\/1"}],"replies":[{"embeddable":true,"href":"https:\/\/test.balsugida.com\/en\/wp-json\/wp\/v2\/comments?post=6086"}],"version-history":[{"count":132,"href":"https:\/\/test.balsugida.com\/en\/wp-json\/wp\/v2\/pages\/6086\/revisions"}],"predecessor-version":[{"id":9281,"href":"https:\/\/test.balsugida.com\/en\/wp-json\/wp\/v2\/pages\/6086\/revisions\/9281"}],"wp:attachment":[{"href":"https:\/\/test.balsugida.com\/en\/wp-json\/wp\/v2\/media?parent=6086"}],"curies":[{"name":"wp","href":"https:\/\/api.w.org\/{rel}","templated":true}]}}